{"id":753,"date":"2020-01-01T14:32:46","date_gmt":"2020-01-01T14:32:46","guid":{"rendered":"http:\/\/guidina.eu\/?page_id=753"},"modified":"2020-02-18T09:51:33","modified_gmt":"2020-02-18T09:51:33","slug":"cesto-postavljana-pitanja","status":"publish","type":"page","link":"https:\/\/guidina.eu\/en\/cesto-postavljana-pitanja\/","title":{"rendered":"\u010cesto postavljana pitanja"},"content":{"rendered":"<section class=\"wpb-content-wrapper\">[vc_row][vc_column][vc_row_inner el_class=&#8221;row-nm&#8221;][vc_column_inner][vc_column_text el_class=&#8221;kontakt-naslov mb50&#8243;]\n<h1>\u010cesto postavljana<br \/>\npitanja<\/h1>\n[\/vc_column_text][\/vc_column_inner][\/vc_row_inner][vc_row_inner el_class=&#8221;row-nm&#8221;][vc_column_inner el_class=&#8221;uvjeti-meni down-top-text&#8221; width=&#8221;1\/4&#8243;][vc_column_text]\n<ul>\n<li><a href=\"\/uvjeti-koristenja\">Uvjeti kori\u0161tenja<\/a><\/li>\n<li><a href=\"\/opci-uvjeti\">Op\u0107i uvjeti<\/a><\/li>\n<li><a href=\"\/odredbe-o-privatnosti\">Odredbe o privatnosti<\/a><\/li>\n<li><a href=\"\/pretvorba-valute\">Pretvorba valute<\/a><\/li>\n<li><a href=\"\/nacini-placanja\">Na\u010dini pla\u0107anja<\/a><\/li>\n<li><a class=\"aktivno\" href=\"#\">\u010cesto postavljana pitanja<\/a><\/li>\n<\/ul>\n[\/vc_column_text][\/vc_column_inner][vc_column_inner el_class=&#8221;uvjeti-text&#8221; width=&#8221;3\/4&#8243;][vc_column_text]\n<h4>Lorem ipsum dolor sit amet, consectetuer adipiscing elit?<\/h4>\n<p>Lorem ipsum dolor sit amet, consectetuer adipiscing elit, sed diam nonummy nibh euismod tincidunt ut laoreet dolore magna aliquam erat volutpat. Ut wisi enim ad minim veniam, quis nostrud exerci tation ullamcorper suscipit lobortis nisl ut aliquip ex ea[\/vc_column_text][vc_column_text]\n<h4>Duis autem vel eum iriure dolor in hendrerit in vulputate velit esse molestie consequat, vel illum dolore eu feugiat nulla facilisis?<\/h4>\n<p>Consectetuer adipiscing elit, sed diam nonummy nibh euismod tincidunt ut laoreet dolore magna aliquam erat volutpat. Ut wisi enim ad minim veniam, quis nostrud exerci tation ullamcorper suscipit lobortis nisl ut aliquip ex ea commodo consequat. Duis autem vel eum iriure dolor in hendrerit in vulputate velit esse molestie consequat, vel illum dolore eu feugiat nulla facilisis at vero eros et accumsan et iusto odio dignissim qui blandit praesent luptatum zzril delenit augue duis dolore te feugait nulla facilisi.[\/vc_column_text][vc_column_text]\n<h4>Feugiat nulla facilisis at vero eros et accumsan et iusto odio dignissim qui blandit praesent luptatum zril delenit augue duis dolore te feugait nulla facilisi, sed diam nonummy nibh euismod tincidunt ut laoreet dolore magna aliquam erat volutpat?<\/h4>\n<p>Sed diam nonummy nibh euismod tincidunt ut laoreet dolore magna aliquam erat volutpat. Ut wisi enim ad minim veniam, quis nostrud exerci tation ullamcorper suscipit lobortis nisl ut aliquip ex ea commodo consequat. Duis autem vel eum iriure dolor in hendrerit in vulputate velit esse molestie consequat, vel illum dolore eu feugiat nulla facilisis at vero eros et accumsan et iusto odio dignissim qui blandit praesent luptatum zzril delenit augue duis dolore te feugait nulla facilisi.[\/vc_column_text][\/vc_column_inner][\/vc_row_inner][\/vc_column][\/vc_row]\n<\/section>","protected":false},"excerpt":{"rendered":"<p>[vc_row][vc_column][vc_row_inner el_class=&#8221;row-nm&#8221;][vc_column_inner][vc_column_text el_class=&#8221;kontakt-naslov mb50&#8243;] \u010cesto postavljana pitanja [\/vc_column_text][\/vc_column_inner][\/vc_row_inner][vc_row_inner el_class=&#8221;row-nm&#8221;][vc_column_inner el_class=&#8221;uvjeti-meni down-top-text&#8221; width=&#8221;1\/4&#8243;][vc_column_text] Uvjeti kori\u0161tenja Op\u0107i uvjeti Odredbe o privatnosti Pretvorba valute Na\u010dini pla\u0107anja \u010cesto postavljana pitanja [\/vc_column_text][\/vc_column_inner][vc_column_inner el_class=&#8221;uvjeti-text&#8221; width=&#8221;3\/4&#8243;][vc_column_text] Lorem ipsum dolor sit amet, consectetuer adipiscing elit? Lorem ipsum dolor sit amet, consectetuer adipiscing elit, sed diam nonummy nibh euismod tincidunt ut laoreet dolore magna&hellip;<\/p>\n","protected":false},"author":1,"featured_media":0,"parent":0,"menu_order":0,"comment_status":"closed","ping_status":"closed","template":"","meta":{"footnotes":""},"class_list":["post-753","page","type-page","status-publish","hentry","description-off"],"yoast_head":"<!-- This site is optimized with the Yoast SEO Premium plugin v21.1 (Yoast SEO v27.4) - https:\/\/yoast.com\/product\/yoast-seo-premium-wordpress\/ -->\n<title>\u010cesto postavljana pitanja | Guidina<\/title>\n<meta name=\"robots\" content=\"index, follow, max-snippet:-1, max-image-preview:large, max-video-preview:-1\" \/>\n<link rel=\"canonical\" href=\"https:\/\/guidina.eu\/en\/cesto-postavljana-pitanja\/\" \/>\n<meta property=\"og:locale\" content=\"en_US\" \/>\n<meta property=\"og:type\" content=\"article\" \/>\n<meta property=\"og:title\" content=\"\u010cesto postavljana pitanja\" \/>\n<meta property=\"og:description\" content=\"[vc_row][vc_column][vc_row_inner el_class=&#8221;row-nm&#8221;][vc_column_inner][vc_column_text el_class=&#8221;kontakt-naslov mb50&#8243;] \u010cesto postavljana pitanja [\/vc_column_text][\/vc_column_inner][\/vc_row_inner][vc_row_inner el_class=&#8221;row-nm&#8221;][vc_column_inner el_class=&#8221;uvjeti-meni down-top-text&#8221; width=&#8221;1\/4&#8243;][vc_column_text] Uvjeti kori\u0161tenja Op\u0107i uvjeti Odredbe o privatnosti Pretvorba valute Na\u010dini pla\u0107anja \u010cesto postavljana pitanja [\/vc_column_text][\/vc_column_inner][vc_column_inner el_class=&#8221;uvjeti-text&#8221; width=&#8221;3\/4&#8243;][vc_column_text] Lorem ipsum dolor sit amet, consectetuer adipiscing elit? Lorem ipsum dolor sit amet, consectetuer adipiscing elit, sed diam nonummy nibh euismod tincidunt ut laoreet dolore magna&hellip;\" \/>\n<meta property=\"og:url\" content=\"https:\/\/guidina.eu\/en\/cesto-postavljana-pitanja\/\" \/>\n<meta property=\"og:site_name\" content=\"Guidina\" \/>\n<meta property=\"article:publisher\" content=\"https:\/\/www.facebook.com\/guidinadestinationmanagement\/\" \/>\n<meta property=\"article:modified_time\" content=\"2020-02-18T09:51:33+00:00\" \/>\n<meta name=\"twitter:card\" content=\"summary_large_image\" \/>\n<meta name=\"twitter:label1\" content=\"Est. reading time\" \/>\n\t<meta name=\"twitter:data1\" content=\"2 minutes\" \/>\n<script type=\"application\/ld+json\" class=\"yoast-schema-graph\">{\"@context\":\"https:\\\/\\\/schema.org\",\"@graph\":[{\"@type\":\"WebPage\",\"@id\":\"https:\\\/\\\/guidina.eu\\\/en\\\/cesto-postavljana-pitanja\\\/\",\"url\":\"https:\\\/\\\/guidina.eu\\\/en\\\/cesto-postavljana-pitanja\\\/\",\"name\":\"\u010cesto postavljana pitanja | Guidina\",\"isPartOf\":{\"@id\":\"https:\\\/\\\/guidina.eu\\\/#website\"},\"datePublished\":\"2020-01-01T14:32:46+00:00\",\"dateModified\":\"2020-02-18T09:51:33+00:00\",\"breadcrumb\":{\"@id\":\"https:\\\/\\\/guidina.eu\\\/en\\\/cesto-postavljana-pitanja\\\/#breadcrumb\"},\"inLanguage\":\"en-US\",\"potentialAction\":[{\"@type\":\"ReadAction\",\"target\":[\"https:\\\/\\\/guidina.eu\\\/en\\\/cesto-postavljana-pitanja\\\/\"]}]},{\"@type\":\"BreadcrumbList\",\"@id\":\"https:\\\/\\\/guidina.eu\\\/en\\\/cesto-postavljana-pitanja\\\/#breadcrumb\",\"itemListElement\":[{\"@type\":\"ListItem\",\"position\":1,\"name\":\"Home\",\"item\":\"https:\\\/\\\/guidina.eu\\\/en\\\/\"},{\"@type\":\"ListItem\",\"position\":2,\"name\":\"\u010cesto postavljana pitanja\"}]},{\"@type\":\"WebSite\",\"@id\":\"https:\\\/\\\/guidina.eu\\\/#website\",\"url\":\"https:\\\/\\\/guidina.eu\\\/\",\"name\":\"Guidina\",\"description\":\"Travel agency for Croatia and its neighboring countries\",\"publisher\":{\"@id\":\"https:\\\/\\\/guidina.eu\\\/#organization\"},\"potentialAction\":[{\"@type\":\"SearchAction\",\"target\":{\"@type\":\"EntryPoint\",\"urlTemplate\":\"https:\\\/\\\/guidina.eu\\\/?s={search_term_string}\"},\"query-input\":{\"@type\":\"PropertyValueSpecification\",\"valueRequired\":true,\"valueName\":\"search_term_string\"}}],\"inLanguage\":\"en-US\"},{\"@type\":\"Organization\",\"@id\":\"https:\\\/\\\/guidina.eu\\\/#organization\",\"name\":\"Guidina\",\"url\":\"https:\\\/\\\/guidina.eu\\\/\",\"logo\":{\"@type\":\"ImageObject\",\"inLanguage\":\"en-US\",\"@id\":\"https:\\\/\\\/guidina.eu\\\/#\\\/schema\\\/logo\\\/image\\\/\",\"url\":\"https:\\\/\\\/guidina.eu\\\/wp-content\\\/uploads\\\/2020\\\/03\\\/Guidina_logo_header_160px.svg\",\"contentUrl\":\"https:\\\/\\\/guidina.eu\\\/wp-content\\\/uploads\\\/2020\\\/03\\\/Guidina_logo_header_160px.svg\",\"width\":160,\"height\":38,\"caption\":\"Guidina\"},\"image\":{\"@id\":\"https:\\\/\\\/guidina.eu\\\/#\\\/schema\\\/logo\\\/image\\\/\"},\"sameAs\":[\"https:\\\/\\\/www.facebook.com\\\/guidinadestinationmanagement\\\/\"]}]}<\/script>\n<!-- \/ Yoast SEO Premium plugin. -->","yoast_head_json":{"title":"\u010cesto postavljana pitanja | Guidina","robots":{"index":"index","follow":"follow","max-snippet":"max-snippet:-1","max-image-preview":"max-image-preview:large","max-video-preview":"max-video-preview:-1"},"canonical":"https:\/\/guidina.eu\/en\/cesto-postavljana-pitanja\/","og_locale":"en_US","og_type":"article","og_title":"\u010cesto postavljana pitanja","og_description":"[vc_row][vc_column][vc_row_inner el_class=&#8221;row-nm&#8221;][vc_column_inner][vc_column_text el_class=&#8221;kontakt-naslov mb50&#8243;] \u010cesto postavljana pitanja [\/vc_column_text][\/vc_column_inner][\/vc_row_inner][vc_row_inner el_class=&#8221;row-nm&#8221;][vc_column_inner el_class=&#8221;uvjeti-meni down-top-text&#8221; width=&#8221;1\/4&#8243;][vc_column_text] Uvjeti kori\u0161tenja Op\u0107i uvjeti Odredbe o privatnosti Pretvorba valute Na\u010dini pla\u0107anja \u010cesto postavljana pitanja [\/vc_column_text][\/vc_column_inner][vc_column_inner el_class=&#8221;uvjeti-text&#8221; width=&#8221;3\/4&#8243;][vc_column_text] Lorem ipsum dolor sit amet, consectetuer adipiscing elit? Lorem ipsum dolor sit amet, consectetuer adipiscing elit, sed diam nonummy nibh euismod tincidunt ut laoreet dolore magna&hellip;","og_url":"https:\/\/guidina.eu\/en\/cesto-postavljana-pitanja\/","og_site_name":"Guidina","article_publisher":"https:\/\/www.facebook.com\/guidinadestinationmanagement\/","article_modified_time":"2020-02-18T09:51:33+00:00","twitter_card":"summary_large_image","twitter_misc":{"Est. reading time":"2 minutes"},"schema":{"@context":"https:\/\/schema.org","@graph":[{"@type":"WebPage","@id":"https:\/\/guidina.eu\/en\/cesto-postavljana-pitanja\/","url":"https:\/\/guidina.eu\/en\/cesto-postavljana-pitanja\/","name":"\u010cesto postavljana pitanja | Guidina","isPartOf":{"@id":"https:\/\/guidina.eu\/#website"},"datePublished":"2020-01-01T14:32:46+00:00","dateModified":"2020-02-18T09:51:33+00:00","breadcrumb":{"@id":"https:\/\/guidina.eu\/en\/cesto-postavljana-pitanja\/#breadcrumb"},"inLanguage":"en-US","potentialAction":[{"@type":"ReadAction","target":["https:\/\/guidina.eu\/en\/cesto-postavljana-pitanja\/"]}]},{"@type":"BreadcrumbList","@id":"https:\/\/guidina.eu\/en\/cesto-postavljana-pitanja\/#breadcrumb","itemListElement":[{"@type":"ListItem","position":1,"name":"Home","item":"https:\/\/guidina.eu\/en\/"},{"@type":"ListItem","position":2,"name":"\u010cesto postavljana pitanja"}]},{"@type":"WebSite","@id":"https:\/\/guidina.eu\/#website","url":"https:\/\/guidina.eu\/","name":"Guidina","description":"Travel agency for Croatia and its neighboring countries","publisher":{"@id":"https:\/\/guidina.eu\/#organization"},"potentialAction":[{"@type":"SearchAction","target":{"@type":"EntryPoint","urlTemplate":"https:\/\/guidina.eu\/?s={search_term_string}"},"query-input":{"@type":"PropertyValueSpecification","valueRequired":true,"valueName":"search_term_string"}}],"inLanguage":"en-US"},{"@type":"Organization","@id":"https:\/\/guidina.eu\/#organization","name":"Guidina","url":"https:\/\/guidina.eu\/","logo":{"@type":"ImageObject","inLanguage":"en-US","@id":"https:\/\/guidina.eu\/#\/schema\/logo\/image\/","url":"https:\/\/guidina.eu\/wp-content\/uploads\/2020\/03\/Guidina_logo_header_160px.svg","contentUrl":"https:\/\/guidina.eu\/wp-content\/uploads\/2020\/03\/Guidina_logo_header_160px.svg","width":160,"height":38,"caption":"Guidina"},"image":{"@id":"https:\/\/guidina.eu\/#\/schema\/logo\/image\/"},"sameAs":["https:\/\/www.facebook.com\/guidinadestinationmanagement\/"]}]}},"_links":{"self":[{"href":"https:\/\/guidina.eu\/en\/wp-json\/wp\/v2\/pages\/753","targetHints":{"allow":["GET"]}}],"collection":[{"href":"https:\/\/guidina.eu\/en\/wp-json\/wp\/v2\/pages"}],"about":[{"href":"https:\/\/guidina.eu\/en\/wp-json\/wp\/v2\/types\/page"}],"author":[{"embeddable":true,"href":"https:\/\/guidina.eu\/en\/wp-json\/wp\/v2\/users\/1"}],"replies":[{"embeddable":true,"href":"https:\/\/guidina.eu\/en\/wp-json\/wp\/v2\/comments?post=753"}],"version-history":[{"count":7,"href":"https:\/\/guidina.eu\/en\/wp-json\/wp\/v2\/pages\/753\/revisions"}],"predecessor-version":[{"id":1531,"href":"https:\/\/guidina.eu\/en\/wp-json\/wp\/v2\/pages\/753\/revisions\/1531"}],"wp:attachment":[{"href":"https:\/\/guidina.eu\/en\/wp-json\/wp\/v2\/media?parent=753"}],"curies":[{"name":"wp","href":"https:\/\/api.w.org\/{rel}","templated":true}]}}